{"id":2705,"date":"2017-03-17T08:56:23","date_gmt":"2017-03-17T07:56:23","guid":{"rendered":"http:\/\/devmk.slimmedia.de\/agb\/"},"modified":"2017-05-02T09:03:06","modified_gmt":"2017-05-02T07:03:06","slug":"agb","status":"publish","type":"page","link":"https:\/\/www.maier-kirschner.de\/en\/agb\/","title":{"rendered":"AGB"},"content":{"rendered":"\n<style type=\"text\/css\" data-created_by=\"avia_inline_auto\" id=\"style-css-av-av_section-4783ca16a9e74042a92940220b4ae192\">\n.avia-section.av-av_section-4783ca16a9e74042a92940220b4ae192 .av-parallax .av-parallax-inner{\nbackground-repeat:no-repeat;\nbackground-image:url(https:\/\/www.maier-kirschner.de\/wp-content\/uploads\/2017\/03\/Online-Shop-1500x800.jpg);\nbackground-position:50% 100%;\nbackground-attachment:scroll;\n}\n.avia-section.av-av_section-4783ca16a9e74042a92940220b4ae192 .av-section-color-overlay{\nopacity:0.3;\nbackground-color:#000000;\n}\n<\/style>\n<div id='av_section_1'  class='avia-section av-av_section-4783ca16a9e74042a92940220b4ae192 main_color avia-section-large avia-no-shadow  avia-builder-el-0  el_before_av_textblock  avia-builder-el-first  av-parallax-section avia-bg-style-parallax av-section-color-overlay-active av-minimum-height av-minimum-height-custom av-height-custom  container_wrap sidebar_right'  data-section-bg-repeat='no-repeat' data-av_minimum_height_px='200'><div class='av-parallax' data-avia-parallax-ratio='0.3' ><div class='av-parallax-inner main_color avia-full-stretch'><\/div><\/div><div class=\"av-section-color-overlay-wrap\"><div class=\"av-section-color-overlay\"><\/div><div class='container av-section-cont-open' style='height:200px'><main  role=\"main\" itemprop=\"mainContentOfPage\"  class='template-page content  av-content-small alpha units'><div class='post-entry post-entry-type-page post-entry-2705'><div class='entry-content-wrapper clearfix'>\n\n<style type=\"text\/css\" data-created_by=\"avia_inline_auto\" id=\"style-css-av-av_heading-53e6d8696f8b8edec0261606eee74fc3\">\n#top .av-special-heading.av-av_heading-53e6d8696f8b8edec0261606eee74fc3{\npadding-bottom:0;\ncolor:#ffffff;\nfont-size:50px;\n}\nbody .av-special-heading.av-av_heading-53e6d8696f8b8edec0261606eee74fc3 .av-special-heading-tag .heading-char{\nfont-size:25px;\n}\n#top #wrap_all .av-special-heading.av-av_heading-53e6d8696f8b8edec0261606eee74fc3 .av-special-heading-tag{\nfont-size:50px;\n}\n.av-special-heading.av-av_heading-53e6d8696f8b8edec0261606eee74fc3 .special-heading-inner-border{\nborder-color:#ffffff;\n}\n.av-special-heading.av-av_heading-53e6d8696f8b8edec0261606eee74fc3 .av-subheading{\nfont-size:15px;\n}\n\n@media only screen and (min-width: 480px) and (max-width: 767px){ \n#top #wrap_all .av-special-heading.av-av_heading-53e6d8696f8b8edec0261606eee74fc3 .av-special-heading-tag{\nfont-size:0.8em;\n}\n}\n\n@media only screen and (max-width: 479px){ \n#top #wrap_all .av-special-heading.av-av_heading-53e6d8696f8b8edec0261606eee74fc3 .av-special-heading-tag{\nfont-size:0.8em;\n}\n}\n<\/style>\n<div  class='av-special-heading av-av_heading-53e6d8696f8b8edec0261606eee74fc3 av-special-heading-h3 custom-color-heading blockquote modern-quote modern-centered  avia-builder-el-1  avia-builder-el-no-sibling  av-inherit-size'><h3 class='av-special-heading-tag '  itemprop=\"headline\"  >Maier zum Kirschner Shop<\/h3><div class='av_custom_color av-subheading av-subheading_below'><p>AGBs<\/p>\n<\/div><div class=\"special-heading-border\"><div class=\"special-heading-inner-border\"><\/div><\/div><\/div>\n<\/div><\/div><\/main><!-- close content main element --><\/div><\/div><\/div><div id='after_section_1'  class='main_color av_default_container_wrap container_wrap sidebar_right'  ><div class='container av-section-cont-open' ><div class='template-page content  av-content-small alpha units'><div class='post-entry post-entry-type-page post-entry-2705'><div class='entry-content-wrapper clearfix'>\n<section  class='av_textblock_section av-av_textblock-283972ea15f2e73870c23e2d6de3245d '   itemscope=\"itemscope\" itemtype=\"https:\/\/schema.org\/CreativeWork\" ><div class='avia_textblock'  itemprop=\"text\" ><h3>A) Allgemeine Gesch\u00e4ftsbedingungen f\u00fcr Bestellungen im Maier-zum-Kirschner-Online-Shop<\/h3>\n<h5>1. Geltungsbereich<\/h5>\n<p>Diese Allgemeinen Gesch\u00e4ftsbedingungen gelten f\u00fcr alle telefonischen Bestellungen bzw. Bestellungen unter Verwendung von Telemedien \u00fcber den Maier-zum-Kirschner-Online-Shop in ihrer jeweils g\u00fcltigen Fassung.<\/p>\n<h5>2. Zustandekommen des Vertrages im Online-Shop<\/h5>\n<p>Die Darstellung der Produkte im Maier-zum-Kirschner-Online-Shop stellt noch kein bindendes Angebot auf den Abschluss eines Kaufvertrags dar. Erst durch Bet\u00e4tigen des Buttons \u201eJetzt kaufen\u201c geben Sie ein verbindliches Angebot zum Vertragsschluss ab. Vorher haben Sie die M\u00f6glichkeit, den Inhalt des virtuellen Warenkorbs sowie Ihre Adressdaten noch einmal zu pr\u00fcfen und zu korrigieren. Den Bestellvorgang k\u00f6nnen Sie auch jederzeit durch Schlie\u00dfen des Browsers abbrechen.<\/p>\n<p>Nach Absendung Ihrer Bestellung im Maier-zum-Kirschner-Online-Shop erhalten Sie eine Best\u00e4tigungs-E-Mail. Diese stellt noch keine Vertragsbest\u00e4tigung durch uns dar. Die Annahme Ihres Angebots zum Vertragsschluss erfolgt durch eine separate E-Mail (Auftragsbest\u00e4tigung) oder durch Zusendung der Ware. Sofern Sie binnen 5 Tagen keine Auftragsbest\u00e4tigung oder Mitteilung \u00fcber die Auslieferung bzw. keine Ware erhalten haben, sind Sie nicht mehr an Ihr Vertragsangebot gebunden. Gegebenenfalls bereits erbrachte Leistungen werden in diesem Fall unverz\u00fcglich zur\u00fcckerstattet. Ihr gesetzliches Widerrufsrecht nach Ziffer 3 bleibt davon unber\u00fchrt.<\/p>\n<p>Artikel, insbesondere auch Angebotsartikel, werden nur in haushalts\u00fcblichen Mengen abgegeben.<\/p>\n<p>Wir speichern den Vertragstext f\u00fcr Sie in Ihrem Kundenkonto.<\/p>\n<div class=\"editorialMarked\">\n<h5>3. Widerrufsbelehrung | Widerrufsrecht &amp; Widerrufsfolgen<\/h5>\n<p><strong>3.1 Widerrufsbelehrung | Widerrufsrecht<\/strong><\/p>\n<p>Sie haben das Recht, binnen vierzehn Tagen ohne Angabe von Gr\u00fcnden diesen Vertrag zu widerrufen.<br \/>\nDie Widerrufsfrist betr\u00e4gt vierzehn Tage ab dem Tag, an dem Sie oder ein von Ihnen benannter Dritter, der nicht der Bef\u00f6rderer ist, die Waren in Besitz genommen haben bzw. hat. Um Ihr Widerrufsrecht auszu\u00fcben, m\u00fcssen Sie uns<\/p>\n<p><strong>Hotel Maier zum Kirschner GmbH<\/strong><br \/>\n<strong>Seestra\u00dfe 23<\/strong><br \/>\n<strong>83700 Rottach-Egern<\/strong><br \/>\n<strong>E-Mail: kontakt@kirschner-stuben.de<\/strong><\/p>\n<p>mittels einer eindeutigen Erkl\u00e4rung (z.B. ein mit der Post versandter Brief, E-Mail) \u00fcber Ihren Entschluss, diesen Vertrag zu widerrufen, informieren. Sie k\u00f6nnen daf\u00fcr das beigef\u00fcgte Muster-Widerrufsformular verwenden, das jedoch nicht vorgeschrieben ist. Sie finden das Formular unter:\u00a0<a href=\"http:\/\/thomas-plettenberg.de\/wp-content\/uploads\/2015\/09\/MusterWiderrufsformularDE.pdf\" target=\"_blank\" rel=\"noopener noreferrer\"><u>Muster Widerrufsformular<\/u><\/a><\/p>\n<div>\n<p>Zur Wahrung der Widerrufsfrist reicht es aus, dass Sie die Mitteilung \u00fcber die Aus\u00fcbung des Widerrufsrechts vor Ablauf der Widerrufsfrist absenden.<\/p>\n<p><strong>3.2 Widerrufsbelehrung | Widerrufsfolgen<\/strong><\/p>\n<p>Wenn Sie diesen Vertrag widerrufen, haben wir Ihnen alle Zahlungen, die wir von Ihnen erhalten haben, einschlie\u00dflich der Lieferkosten (mit Ausnahme der zus\u00e4tzlichen Kosten, die sich daraus ergeben, dass Sie eine andere Art der Lieferung als die von uns angebotene, g\u00fcnstigste Standardlieferung gew\u00e4hlt haben), unverz\u00fcglich und sp\u00e4testens binnen vierzehn Tagen ab dem Tag zur\u00fcckzuzahlen, an dem die Mitteilung \u00fcber Ihren Widerruf dieses Vertrags bei uns eingegangen ist. F\u00fcr diese R\u00fcckzahlung verwenden wir dasselbe Zahlungsmittel, das Sie bei der urspr\u00fcnglichen Transaktion eingesetzt haben, es sei denn, mit Ihnen wurde ausdr\u00fccklich etwas anderes vereinbart; in keinem Fall werden Ihnen wegen dieser R\u00fcckzahlung Entgelte berechnet.<\/p>\n<p>Wir k\u00f6nnen die R\u00fcckzahlung verweigern, bis wir die Waren wieder zur\u00fcckerhalten haben oder bis Sie den Nachweis erbracht haben, dass Sie die Waren zur\u00fcckgesandt haben, je nachdem, welches der fr\u00fchere Zeitpunkt ist.<\/p>\n<p>Sie haben die Waren unverz\u00fcglich und in jedem Fall sp\u00e4testens binnen vierzehn Tagen ab dem Tag, an dem Sie uns \u00fcber den Widerruf dieses Vertrags unterrichten, an uns zur\u00fcckzusenden oder zu \u00fcbergeben. Die Frist ist gewahrt, wenn Sie die Waren vor Ablauf der Frist von vierzehn Tagen absenden.\u00a0Wir tragen die Kosten der R\u00fccksendung der Waren.\u00a0Sie m\u00fcssen f\u00fcr einen etwaigen Wertverlust der Waren nur aufkommen, wenn dieser Wertverlust auf einen zur Pr\u00fcfung der Beschaffenheit, Eigenschaften und Funktionsweise der Waren nicht notwendigen Umgang mit ihnen zur\u00fcckzuf\u00fchren ist.<\/p>\n<div>\n<p><strong>Ende der Widerrufsbelehrung<\/strong><\/p>\n<h5>4. Preisangaben \/ G\u00fcltigkeit<\/h5>\n<p>Die genannten Preise im Maier-zum-Kirschner-Online-Shop sind Euro-Preise und verstehen sich inklusive der gesetzlichen Mehrwertsteuer. Wertgutscheine sind von der gesetzlichen Mehrwertsteuer ausgeschlossen.<\/p>\n<h5>5. Mindestbestellwert<\/h5>\n<p>F\u00fcr Ihre Bestellung bei uns im Online-Shop gilt keine\u00a0Mindestbestellgrenze. Jede Bestellung liefern wir Ihnen zu den beim Produkt angegebenen Versandkosten\u00a0nach Hause. Die Versandkosten errechnen sich bei einer Bestellung mehrerer Produkte nach der\u00a0teuersten Versandklasse eines Produktes. Dies gilt f\u00fcr den normalen Standardversand innerhalb Deutschlands.<\/p>\n<h5>6. Gew\u00e4hrleistung<\/h5>\n<p>Sollten gelieferte Artikel offensichtliche Material- oder Herstellungsfehler aufweisen, wozu auch Transportsch\u00e4den z\u00e4hlen, so reklamieren Sie solche Fehler bitte\u00a0sofort gegen\u00fcber uns oder dem Mitarbeiter von DHL, der die Artikel anliefert. Die Vers\u00e4umung dieser R\u00fcge hat allerdings f\u00fcr Ihre gesetzlichen Anspr\u00fcche keine Konsequenzen. F\u00fcr alle w\u00e4hrend der gesetzlichen Gew\u00e4hrleistungsfrist auftretenden M\u00e4ngel der Kaufsache gelten nach Ihrer Wahl die gesetzlichen Anspr\u00fcche auf Nacherf\u00fcllung, auf Mangelbeseitigung \/ Neulieferung sowie \u2013 bei Vorliegen der gesetzlichen Voraussetzungen \u2013 die weitergehenden Anspr\u00fcche auf Minderung oder R\u00fccktritt sowie daneben auf Schadensersatz, einschlie\u00dflich des Ersatzes des Schadens statt der Erf\u00fcllung sowie des Ersatzes Ihrer vergeblichen Aufwendungen. Soweit wir Ihnen eine Verk\u00e4ufergarantie gew\u00e4hren, ergeben sich die Einzelheiten aus den Garantiebedingungen, die dem jeweils gelieferten Artikel beigef\u00fcgt sind. Garantieanspr\u00fcche bestehen unbeschadet der gesetzlichen Anspr\u00fcche \/ Rechte.<\/p>\n<h5>7. Eigentumsvorbehalt \/ Weiterverkauf<\/h5>\n<p>Bis zur vollst\u00e4ndigen Bezahlung bleibt die Ware unser Eigentum. Der gewerbliche Weiterverkauf der Ware ist untersagt.<\/p>\n<h5>8. Bildrechte<\/h5>\n<p>Alle Bildrechte liegen bei Hotel\u00a0Maier zum Kirschner GmbH\u00a0oder unseren Partnern. Eine Verwendung ohne ausdr\u00fcckliche, schriftliche Zustimmung ist nicht gestattet.<\/p>\n<h5>9. Vertragssprache \/ Rechtswahl<\/h5>\n<p>Die Vertragssprache ist Deutsch. Es gilt deutsches Recht unter Ausschluss des UN-Kaufrechts. Die Anwendbarkeit zwingender Normen des Staates, in dem Sie bei Vertragsschluss Ihren gew\u00f6hnlichen Aufenthalt haben, bleibt von dieser Rechtswahl unber\u00fchrt.<\/p>\n<p>Betreiber des Online-Shops ist:<\/p>\n<p>Hotel Maier zum Kirschner GmbH<br \/>\nSeestra\u00dfe 23<br \/>\n83700 Rottach-Egern<br \/>\nE-Mail:\u00a0kontakt@kirschner-stuben.de<\/p>\n<h3>B) Allgemeine Erkl\u00e4rungen zu Ihrer Bestellung<\/h3>\n<h5>1. R\u00fccksendung<\/h5>\n<p>Bei uns kaufen Sie ganz bequem ein und auch bei der R\u00fccksendung soll es bequem bleiben.\u00a0Wir bieten Ihnen deshalb \u00fcber das gesetzliche Widerrufsrecht hinaus an, die Ware bei Nichtgefallen, innerhalb von 14\u00a0Tagen zur\u00fcck zu senden.<\/p>\n<p>Wenn Sie Artikel aus Ihrer Bestellung im Maier-zum-Kirschner-Online-Shop zur\u00fccksenden m\u00f6chten, bieten wir Ihnen unter anderem die folgenden R\u00fccksendem\u00f6glichkeiten an:<\/p>\n<p><strong>1.1<\/strong>\u00a0R\u00fccksende-M\u00f6glichkeiten, wenn Sie im Maier-zum-Kirschner-Online-Shop \/ telefonisch bestellt haben<br \/>\nW\u00e4hlen Sie z. B. zwischen folgenden R\u00fccksende-M\u00f6glichkeiten:<\/p>\n<p><strong>1.1.1<\/strong>\u00a0Retournieren Sie Ihre Bestellung in einem der folgenden DHL Standorten: DHL Filiale, DHL Verkaufsstelle, DHL Packstation oder DHL Paketbox. Eine \u00dcbersicht der DHL Standorte in Ihrer N\u00e4he gibt es hier:\u00a0<u><a href=\"http:\/\/standorte.dhl.de\/Standortsuche\" target=\"_blank\" rel=\"noopener noreferrer\">http:\/\/standorte.dhl.de\/Standortsuche<\/a><\/u><\/p>\n<p><strong>1.1.2<\/strong>\u00a0Geben Sie die Bestellung bequem einem DHL Paketzusteller mit.<\/p>\n<h5>2. Lieferoptionen<\/h5>\n<p>Lieferungen sind grunds\u00e4tzlich nur innerhalb Deutschlands m\u00f6glich. Virtuelle Produkte wie zum Beispiel Wertgutscheine k\u00f6nnen nach dem Bestellvorgang direkt heruntergeladen werden.<\/p>\n<p>Die Standardlieferung ist nach Deutschland \u00fcber alle Bestellarten m\u00f6glich; die Lieferzeit betr\u00e4gt nach Deutschland 2\u20135 Werktage.\u00a0<span class=\"s1\">Sperrige Artikel werden in der Regel \u00fcber Speditionen versandt, bei diesen Produkten sind abweichende Lieferzeiten m\u00f6glich, diese finden Sie auf der jeweiligen Produktdetailseite.<\/span><\/p>\n<h5>3. Versandkosten und Servicegeb\u00fchren<\/h5>\n<\/div>\n<\/div>\n<div class=\"span-24\">\n<div class=\"content-block\">\n<table border=\"0\" cellspacing=\"0\" cellpadding=\"3\">\n<tbody>\n<tr>\n<th colspan=\"2\"><a class=\"anchor\" name=\"b3-1\"><\/a><strong>3.1 Versandkosten<\/strong><\/th>\n<\/tr>\n<tr>\n<td>\u00a0\u00a0Lieferung nach\u00a0<strong>Deutschland\u00a0<\/strong>(mit DHL)<\/td>\n<td><\/td>\n<\/tr>\n<tr>\n<td>Standard-Lieferung:\u00a03,50 EUR<\/td>\n<td><\/td>\n<\/tr>\n<\/tbody>\n<\/table>\n<table border=\"0\" cellspacing=\"0\" cellpadding=\"3\">\n<tbody>\n<tr>\n<th colspan=\"2\"><strong>3.2 Servicegeb\u00fchren (zu den Versandkosten k\u00f6nnen ggf. weitere Geb\u00fchren dazukommen)<\/strong><\/th>\n<\/tr>\n<tr>\n<td>Telefonische Bestellung:\u00a03,90\u00a0EUR<\/td>\n<td><\/td>\n<\/tr>\n<\/tbody>\n<\/table>\n<\/div>\n<\/div>\n<div class=\"span-24\">\n<div class=\"content-block\">\n<h5>4. Lieferbarkeit<\/h5>\n<p>Sollte ein bestimmter Artikel nicht lieferbar sein, werden wir Sie vor Annahme der Bestellung unverz\u00fcglich \u00fcber die Nichtverf\u00fcgbarkeit informieren. In diesem Fall kommt ein Vertrag nicht zustande. Wir werden bereits erhaltene Gegenleistungen unverz\u00fcglich zur\u00fcckerstatten.<\/p>\n<p>Die Abgabe von Artikeln erfolgt nur in haushalts\u00fcblichen Mengen.<\/p>\n<div><\/div>\n<h5>5. Zahlung<\/h5>\n<p>Sie k\u00f6nnen per Rechnung\/\u00dcberweisung\/PayPal bezahlen. Wir behalten uns das Recht vor, im Einzelfall nur bestimmte Zahlungsarten zu akzeptieren.<\/p>\n<p>Die Rechnung zu Ihrer Bestellung wird Ihnen unabh\u00e4ngig von der von Ihnen gew\u00e4hlten Zahlungsart per Email zugeschickt. Sollte keine E-Mail-Adresse hinterlegt sein, wird die Rechnung auf dem postalischen Weg an Sie geschickt oder der bestellten Ware beigelegt.<\/p>\n<h5>5.1 Zahlung per Rechnung<\/h5>\n<p>Rechnungen sind binnen 14 Tagen nach Erhalt der Ware bei Hotel Maier zum Kirschner GmbH\u00a0eingehend zu zahlen.<\/p>\n<p>Bankverbindung:<\/p>\n<p>Kontoinhaber: Hotel Maier zum Kirschner GmbH<br \/>\nKontonummer: 620103473<br \/>\nName der Bank: Kreissparkasse Miesbach &#8211; Tegernsee<br \/>\nBankleitzahl: 71152570<br \/>\nIBAN: DE 73 7115 2570 0620 1034 73<br \/>\nSwift\/ BIC : BYLADEM1MIB<\/p>\n<h5>6. Online-Gutscheine<\/h5>\n<p>Die Einl\u00f6sung von Online-Gutscheinen richtet sich nach den spezifisch geltenden Einl\u00f6sebedingungen des jeweiligen Gutscheins wie z.B. Mindestbestellmenge, Mindestbestellwert, G\u00fcltigkeitszeitraum etc. Diese werden gesondert im Rahmen der Gutscheinvergabe mitgeteilt. Pro Einkauf kann nur ein Online-Gutschein eingel\u00f6st werden. Dieser ist nicht mit anderen Rabatten kombinierbar. Eine Barauszahlung sowie eine nachtr\u00e4gliche Verrechnung mit vorhergehenden Bestellungen ist nicht m\u00f6glich. Ein Weiterverkauf ist nicht statthaft. Online-Gutscheine k\u00f6nnen nicht bei Bestellungen die B\u00fccher oder Zeitschriften enthalten eingel\u00f6st werden. Rabatte werden bei Retouren anteilig mit dem Wert der Retoure verrechnet.<\/p>\n<p>[gzd_complaints]<\/p>\n<p><u><a href=\"http:\/\/thomas-plettenberg.de\/wp-content\/uploads\/2015\/10\/AGBs.pdf\" target=\"_blank\" rel=\"noopener noreferrer\">Diese AGB als PDF downloaden.<\/a><\/u><\/p>\n<\/div>\n<\/div>\n<\/div>\n<\/div><\/section>\n","protected":false},"excerpt":{"rendered":"","protected":false},"author":1,"featured_media":0,"parent":0,"menu_order":6,"comment_status":"closed","ping_status":"closed","template":"","meta":{"footnotes":""},"class_list":["post-2705","page","type-page","status-publish","hentry"],"yoast_head":"<!-- This site is optimized with the Yoast SEO plugin v27.4 - https:\/\/yoast.com\/product\/yoast-seo-wordpress\/ -->\n<title>AGB - Hotel Maier zum Kirschner in Rottach-Egern am Tegernsee<\/title>\n<meta name=\"robots\" content=\"index, follow, max-snippet:-1, max-image-preview:large, max-video-preview:-1\" \/>\n<link rel=\"canonical\" href=\"https:\/\/www.maier-kirschner.de\/en\/agb\/\" \/>\n<meta property=\"og:locale\" content=\"en_US\" \/>\n<meta property=\"og:type\" content=\"article\" \/>\n<meta property=\"og:title\" content=\"AGB - Hotel Maier zum Kirschner in Rottach-Egern am Tegernsee\" \/>\n<meta property=\"og:url\" content=\"https:\/\/www.maier-kirschner.de\/en\/agb\/\" \/>\n<meta property=\"og:site_name\" content=\"Hotel Maier zum Kirschner in Rottach-Egern am Tegernsee\" \/>\n<meta property=\"article:publisher\" content=\"https:\/\/www.facebook.com\/pages\/Maier-Zum-Kirschner\/122247404496107?nr\" \/>\n<meta property=\"article:modified_time\" content=\"2017-05-02T07:03:06+00:00\" \/>\n<meta name=\"twitter:card\" content=\"summary_large_image\" \/>\n<meta name=\"twitter:label1\" content=\"Est. reading time\" \/>\n\t<meta name=\"twitter:data1\" content=\"8 minutes\" \/>\n<script type=\"application\/ld+json\" class=\"yoast-schema-graph\">{\"@context\":\"https:\\\/\\\/schema.org\",\"@graph\":[{\"@type\":\"WebPage\",\"@id\":\"https:\\\/\\\/www.maier-kirschner.de\\\/en\\\/agb\\\/\",\"url\":\"https:\\\/\\\/www.maier-kirschner.de\\\/en\\\/agb\\\/\",\"name\":\"AGB - Hotel Maier zum Kirschner in Rottach-Egern am Tegernsee\",\"isPartOf\":{\"@id\":\"https:\\\/\\\/www.maier-kirschner.de\\\/en\\\/#website\"},\"datePublished\":\"2017-03-17T07:56:23+00:00\",\"dateModified\":\"2017-05-02T07:03:06+00:00\",\"breadcrumb\":{\"@id\":\"https:\\\/\\\/www.maier-kirschner.de\\\/en\\\/agb\\\/#breadcrumb\"},\"inLanguage\":\"en-US\",\"potentialAction\":[{\"@type\":\"ReadAction\",\"target\":[\"https:\\\/\\\/www.maier-kirschner.de\\\/en\\\/agb\\\/\"]}]},{\"@type\":\"BreadcrumbList\",\"@id\":\"https:\\\/\\\/www.maier-kirschner.de\\\/en\\\/agb\\\/#breadcrumb\",\"itemListElement\":[{\"@type\":\"ListItem\",\"position\":1,\"name\":\"Startseite\",\"item\":\"https:\\\/\\\/www.maier-kirschner.de\\\/en\\\/\"},{\"@type\":\"ListItem\",\"position\":2,\"name\":\"AGB\"}]},{\"@type\":\"WebSite\",\"@id\":\"https:\\\/\\\/www.maier-kirschner.de\\\/en\\\/#website\",\"url\":\"https:\\\/\\\/www.maier-kirschner.de\\\/en\\\/\",\"name\":\"Maier zum Kirschner\",\"description\":\"Hotel und Restaurant in Rottach-Egern am Tegernsee\",\"potentialAction\":[{\"@type\":\"SearchAction\",\"target\":{\"@type\":\"EntryPoint\",\"urlTemplate\":\"https:\\\/\\\/www.maier-kirschner.de\\\/en\\\/?s={search_term_string}\"},\"query-input\":{\"@type\":\"PropertyValueSpecification\",\"valueRequired\":true,\"valueName\":\"search_term_string\"}}],\"inLanguage\":\"en-US\"}]}<\/script>\n<!-- \/ Yoast SEO plugin. -->","yoast_head_json":{"title":"AGB - Hotel Maier zum Kirschner in Rottach-Egern am Tegernsee","robots":{"index":"index","follow":"follow","max-snippet":"max-snippet:-1","max-image-preview":"max-image-preview:large","max-video-preview":"max-video-preview:-1"},"canonical":"https:\/\/www.maier-kirschner.de\/en\/agb\/","og_locale":"en_US","og_type":"article","og_title":"AGB - Hotel Maier zum Kirschner in Rottach-Egern am Tegernsee","og_url":"https:\/\/www.maier-kirschner.de\/en\/agb\/","og_site_name":"Hotel Maier zum Kirschner in Rottach-Egern am Tegernsee","article_publisher":"https:\/\/www.facebook.com\/pages\/Maier-Zum-Kirschner\/122247404496107?nr","article_modified_time":"2017-05-02T07:03:06+00:00","twitter_card":"summary_large_image","twitter_misc":{"Est. reading time":"8 minutes"},"schema":{"@context":"https:\/\/schema.org","@graph":[{"@type":"WebPage","@id":"https:\/\/www.maier-kirschner.de\/en\/agb\/","url":"https:\/\/www.maier-kirschner.de\/en\/agb\/","name":"AGB - Hotel Maier zum Kirschner in Rottach-Egern am Tegernsee","isPartOf":{"@id":"https:\/\/www.maier-kirschner.de\/en\/#website"},"datePublished":"2017-03-17T07:56:23+00:00","dateModified":"2017-05-02T07:03:06+00:00","breadcrumb":{"@id":"https:\/\/www.maier-kirschner.de\/en\/agb\/#breadcrumb"},"inLanguage":"en-US","potentialAction":[{"@type":"ReadAction","target":["https:\/\/www.maier-kirschner.de\/en\/agb\/"]}]},{"@type":"BreadcrumbList","@id":"https:\/\/www.maier-kirschner.de\/en\/agb\/#breadcrumb","itemListElement":[{"@type":"ListItem","position":1,"name":"Startseite","item":"https:\/\/www.maier-kirschner.de\/en\/"},{"@type":"ListItem","position":2,"name":"AGB"}]},{"@type":"WebSite","@id":"https:\/\/www.maier-kirschner.de\/en\/#website","url":"https:\/\/www.maier-kirschner.de\/en\/","name":"Maier zum Kirschner","description":"Hotel und Restaurant in Rottach-Egern am Tegernsee","potentialAction":[{"@type":"SearchAction","target":{"@type":"EntryPoint","urlTemplate":"https:\/\/www.maier-kirschner.de\/en\/?s={search_term_string}"},"query-input":{"@type":"PropertyValueSpecification","valueRequired":true,"valueName":"search_term_string"}}],"inLanguage":"en-US"}]}},"_links":{"self":[{"href":"https:\/\/www.maier-kirschner.de\/en\/wp-json\/wp\/v2\/pages\/2705","targetHints":{"allow":["GET"]}}],"collection":[{"href":"https:\/\/www.maier-kirschner.de\/en\/wp-json\/wp\/v2\/pages"}],"about":[{"href":"https:\/\/www.maier-kirschner.de\/en\/wp-json\/wp\/v2\/types\/page"}],"author":[{"embeddable":true,"href":"https:\/\/www.maier-kirschner.de\/en\/wp-json\/wp\/v2\/users\/1"}],"replies":[{"embeddable":true,"href":"https:\/\/www.maier-kirschner.de\/en\/wp-json\/wp\/v2\/comments?post=2705"}],"version-history":[{"count":0,"href":"https:\/\/www.maier-kirschner.de\/en\/wp-json\/wp\/v2\/pages\/2705\/revisions"}],"wp:attachment":[{"href":"https:\/\/www.maier-kirschner.de\/en\/wp-json\/wp\/v2\/media?parent=2705"}],"curies":[{"name":"wp","href":"https:\/\/api.w.org\/{rel}","templated":true}]}}